{"id":1018,"date":"2021-07-09T09:48:56","date_gmt":"2021-07-09T09:48:56","guid":{"rendered":"https:\/\/pre.pereira.es\/page-principal\/"},"modified":"2021-07-09T09:48:57","modified_gmt":"2021-07-09T09:48:57","slug":"page-principal","status":"publish","type":"page","link":"https:\/\/www.pereira.es\/fr\/","title":{"rendered":"Page principal"},"content":{"rendered":"<section class=\"l-section wpb_row height_full valign_top with_slider with_shape\"><div class=\"l-section-slider\"><div class=\"w-slider style_none fit_cover\"><div class=\"w-slider-h\"><div class=\"royalSlider\"><div class=\"rsContent\"><a class=\"rsImg\" data-rsw=\"1920\" data-rsh=\"1281\" href=\"https:\/\/www.pereira.es\/wp-content\/uploads\/2021\/05\/pereira-productos-del-mar.jpg\"><span data-alt=\"\"><\/span><\/a><\/div><div class=\"rsContent\"><a class=\"rsImg\" data-rsw=\"1600\" data-rsh=\"1068\" href=\"https:\/\/www.pereira.es\/wp-content\/uploads\/2021\/05\/centro.jpg\"><span data-alt=\"\"><\/span><\/a><\/div><div class=\"rsContent\"><a class=\"rsImg\" data-rsw=\"1600\" data-rsh=\"1024\" href=\"https:\/\/www.pereira.es\/wp-content\/uploads\/2021\/05\/argos-pereira.jpg\"><span data-alt=\"\"><\/span><\/a><\/div><div class=\"rsContent\"><a class=\"rsImg\" data-rsw=\"1600\" data-rsh=\"1075\" href=\"https:\/\/www.pereira.es\/wp-content\/uploads\/2021\/05\/calamar-limpio.jpg\"><span data-alt=\"\"><\/span><\/a><\/div><div class=\"rsContent\"><a class=\"rsImg\" data-rsw=\"1600\" data-rsh=\"801\" href=\"https:\/\/www.pereira.es\/wp-content\/uploads\/2021\/05\/nave.jpg\"><span data-alt=\"\"><\/span><\/a><\/div><div class=\"rsContent\"><a class=\"rsImg\" data-rsw=\"1600\" data-rsh=\"1600\" href=\"https:\/\/www.pereira.es\/wp-content\/uploads\/2021\/05\/vieiras.jpg\"><span data-alt=\"\"><\/span><\/a><\/div><\/div><img decoding=\"async\" src=\"https:\/\/www.pereira.es\/wp-content\/uploads\/2021\/05\/pereira-productos-del-mar.jpg\" width=\"1920\" height=\"1281\" alt loading=\"lazy\"><\/div><div class=\"w-slider-json\" onclick='return {&quot;loop&quot;:true,&quot;fadeInLoadedSlide&quot;:false,&quot;slidesSpacing&quot;:0,&quot;imageScalePadding&quot;:0,&quot;numImagesToPreload&quot;:2,&quot;arrowsNav&quot;:false,&quot;arrowsNavAutoHide&quot;:false,&quot;transitionType&quot;:&quot;move&quot;,&quot;transitionSpeed&quot;:1000,&quot;block&quot;:{&quot;moveEffect&quot;:&quot;none&quot;,&quot;speed&quot;:300},&quot;controlNavigation&quot;:&quot;none&quot;,&quot;autoplay&quot;:{&quot;enabled&quot;:true,&quot;pauseOnHover&quot;:false,&quot;delay&quot;:3000},&quot;imageScaleMode&quot;:&quot;fill&quot;,&quot;autoScaleSlider&quot;:true,&quot;autoScaleSliderWidth&quot;:1920,&quot;autoScaleSliderHeight&quot;:1281,&quot;fitInViewport&quot;:false}'><\/div><\/div><\/div><div class=\"l-section-shape type_wave pos_bottom\" style=\"color:var(--color-content-bg);height:5vh;\"><svg xmlns=\"http:\/\/www.w3.org\/2000\/svg\" viewBox=\"0 4 64 4\" preserveAspectRatio=\"none\" width=\"100%\" height=\"100%\">\r\n\t<path fill=\"currentColor\" d=\"M64 6 C32 0 32 12 0 6 L0 8 L64 8 Z\"\/>\r\n<\/svg><\/div><div class=\"l-section-h i-cf\"><div class=\"g-cols vc_row type_default valign_top\"><div class=\"vc_col-sm-12 wpb_column vc_column_container\"><div class=\"vc_column-inner\"><div class=\"wpb_wrapper\"><\/div><\/div><\/div><\/div><\/div><\/section><section class=\"l-section wpb_row height_medium\"><div class=\"l-section-h i-cf\"><div class=\"g-cols vc_row type_default valign_top\"><div class=\"vc_col-sm-12 wpb_column vc_column_container\"><div class=\"vc_column-inner\"><div class=\"wpb_wrapper\"><div class=\"wpb_text_column\" ><div class=\"wpb_wrapper\"><h1 style=\"text-align: center;\">Nous disposons de<\/h1>\n<\/div><\/div><div class=\"w-separator size_large\"><\/div><div class=\"g-cols wpb_row  type_default valign_top vc_inner\"><div class=\"vc_col-sm-3 wpb_column vc_column_container animate_fade\"><div class=\"vc_column-inner\"><div class=\"wpb_wrapper\"><div class=\"w-iconbox iconpos_top style_default color_primary align_center no_title icontype_img\"><div class=\"w-iconbox-icon\" style=\"font-size:120px;\"><img loading=\"lazy\" decoding=\"async\" width=\"120\" height=\"90\" src=\"https:\/\/www.pereira.es\/wp-content\/uploads\/2021\/05\/icono-flota.png\" class=\"attachment-full size-full\" alt=\"\" \/><\/div><div class=\"w-iconbox-meta\"><div class=\"w-iconbox-text\"><p>Une flotte de navires-cong\u00e9lateurs<\/p>\n<\/div><\/div><\/div><\/div><\/div><\/div><div class=\"vc_col-sm-3 wpb_column vc_column_container animate_fade\" style=\"animation-delay:0.2s\"><div class=\"vc_column-inner\"><div class=\"wpb_wrapper\"><div class=\"w-iconbox iconpos_top style_default color_primary align_center no_title icontype_img\"><div class=\"w-iconbox-icon\" style=\"font-size:120px;\"><img loading=\"lazy\" decoding=\"async\" width=\"120\" height=\"90\" src=\"https:\/\/www.pereira.es\/wp-content\/uploads\/2021\/05\/personal-cualificado.png\" class=\"attachment-full size-full\" alt=\"\" \/><\/div><div class=\"w-iconbox-meta\"><div class=\"w-iconbox-text\"><p>Une \u00e9quipe de professionnels qualifi\u00e9s et sp\u00e9cialis\u00e9s dans la qualit\u00e9<\/p>\n<\/div><\/div><\/div><\/div><\/div><\/div><div class=\"vc_col-sm-3 wpb_column vc_column_container animate_fade\" style=\"animation-delay:0.4s\"><div class=\"vc_column-inner\"><div class=\"wpb_wrapper\"><div class=\"w-iconbox iconpos_top style_default color_primary align_center no_title icontype_img\"><div class=\"w-iconbox-icon\" style=\"font-size:120px;\"><img loading=\"lazy\" decoding=\"async\" width=\"120\" height=\"90\" src=\"https:\/\/www.pereira.es\/wp-content\/uploads\/2021\/05\/factorias.png\" class=\"attachment-full size-full\" alt=\"\" \/><\/div><div class=\"w-iconbox-meta\"><div class=\"w-iconbox-text\"><p>Usines de transformation<\/p>\n<\/div><\/div><\/div><\/div><\/div><\/div><div class=\"vc_col-sm-3 wpb_column vc_column_container animate_fade\" style=\"animation-delay:0.6s\"><div class=\"vc_column-inner\"><div class=\"wpb_wrapper\"><div class=\"w-iconbox iconpos_top style_default color_primary align_center no_title icontype_img\"><div class=\"w-iconbox-icon\" style=\"font-size:120px;\"><img loading=\"lazy\" decoding=\"async\" width=\"120\" height=\"90\" src=\"https:\/\/www.pereira.es\/wp-content\/uploads\/2021\/05\/transporte.png\" class=\"attachment-full size-full\" alt=\"\" \/><\/div><div class=\"w-iconbox-meta\"><div class=\"w-iconbox-text\"><p>Notre prope flotte de transport<\/p>\n<\/div><\/div><\/div><\/div><\/div><\/div><\/div><\/div><\/div><\/div><\/div><\/div><\/section><section class=\"l-section wpb_row height_medium color_primary with_overlay\"><div class=\"l-section-overlay\" style=\"background: var(--color-header-middle-text-hover)\"><\/div><div class=\"l-section-h i-cf\"><div class=\"g-cols vc_row type_default valign_top\"><div class=\"vc_col-sm-12 wpb_column vc_column_container\"><div class=\"vc_column-inner\"><div class=\"wpb_wrapper\"><div class=\"wpb_text_column\" ><div class=\"wpb_wrapper\"><h2 style=\"text-align: center;\">Nous op\u00e9rons dans les principaux lieux de p\u00eache del l&rsquo;Atlantique<\/h2>\n<\/div><\/div><div class=\"w-separator size_medium\"><\/div><div class=\"w-image align_center animate_fade\"><div class=\"w-image-h\"><img loading=\"lazy\" decoding=\"async\" width=\"289\" height=\"219\" src=\"https:\/\/www.pereira.es\/wp-content\/uploads\/2021\/05\/caladeros.png\" class=\"attachment-large size-large\" alt=\"\" \/><\/div><\/div><\/div><\/div><\/div><\/div><\/div><\/section>\n","protected":false},"excerpt":{"rendered":"Nous disposons de Une flotte de navires-cong\u00e9lateurs Une \u00e9quipe de professionnels qualifi\u00e9s et sp\u00e9cialis\u00e9s dans la qualit\u00e9 Usines de transformation Notre prope flotte de transport Nous op\u00e9rons dans les principaux lieux de p\u00eache del l&rsquo;Atlantique","protected":false},"author":1,"featured_media":0,"parent":0,"menu_order":0,"comment_status":"closed","ping_status":"closed","template":"","meta":{"_acf_changed":false,"footnotes":""},"class_list":["post-1018","page","type-page","status-publish","hentry"],"acf":[],"yoast_head":"<!-- This site is optimized with the Yoast SEO plugin v27.5 - https:\/\/yoast.com\/product\/yoast-seo-wordpress\/ -->\n<title>Page principal - Pereira Productos del Mar<\/title>\n<meta name=\"robots\" content=\"index, follow, max-snippet:-1, max-image-preview:large, max-video-preview:-1\" \/>\n<link rel=\"canonical\" href=\"https:\/\/www.pereira.es\/fr\/\" \/>\n<meta property=\"og:locale\" content=\"fr_FR\" \/>\n<meta property=\"og:type\" content=\"article\" \/>\n<meta property=\"og:title\" content=\"Page principal - Pereira Productos del Mar\" \/>\n<meta property=\"og:url\" content=\"https:\/\/www.pereira.es\/fr\/\" \/>\n<meta property=\"og:site_name\" content=\"Pereira Productos del Mar\" \/>\n<meta property=\"article:modified_time\" content=\"2021-07-09T09:48:57+00:00\" \/>\n<meta name=\"twitter:card\" content=\"summary_large_image\" \/>\n<meta name=\"twitter:label1\" content=\"Dur\u00e9e de lecture estim\u00e9e\" \/>\n\t<meta name=\"twitter:data1\" content=\"1 minute\" \/>\n<script type=\"application\/ld+json\" class=\"yoast-schema-graph\">{\"@context\":\"https:\\\/\\\/schema.org\",\"@graph\":[{\"@type\":\"WebPage\",\"@id\":\"https:\\\/\\\/www.pereira.es\\\/fr\\\/\",\"url\":\"https:\\\/\\\/www.pereira.es\\\/fr\\\/\",\"name\":\"Page principal - Pereira Productos del Mar\",\"isPartOf\":{\"@id\":\"https:\\\/\\\/www.pereira.es\\\/#website\"},\"datePublished\":\"2021-07-09T09:48:56+00:00\",\"dateModified\":\"2021-07-09T09:48:57+00:00\",\"breadcrumb\":{\"@id\":\"https:\\\/\\\/www.pereira.es\\\/fr\\\/#breadcrumb\"},\"inLanguage\":\"fr-FR\",\"potentialAction\":[{\"@type\":\"ReadAction\",\"target\":[\"https:\\\/\\\/www.pereira.es\\\/fr\\\/\"]}]},{\"@type\":\"BreadcrumbList\",\"@id\":\"https:\\\/\\\/www.pereira.es\\\/fr\\\/#breadcrumb\",\"itemListElement\":[{\"@type\":\"ListItem\",\"position\":1,\"name\":\"Portada\",\"item\":\"https:\\\/\\\/www.pereira.es\\\/fr\\\/\"},{\"@type\":\"ListItem\",\"position\":2,\"name\":\"Page principal\"}]},{\"@type\":\"WebSite\",\"@id\":\"https:\\\/\\\/www.pereira.es\\\/#website\",\"url\":\"https:\\\/\\\/www.pereira.es\\\/\",\"name\":\"Pereira Productos del Mar\",\"description\":\"\",\"potentialAction\":[{\"@type\":\"SearchAction\",\"target\":{\"@type\":\"EntryPoint\",\"urlTemplate\":\"https:\\\/\\\/www.pereira.es\\\/?s={search_term_string}\"},\"query-input\":{\"@type\":\"PropertyValueSpecification\",\"valueRequired\":true,\"valueName\":\"search_term_string\"}}],\"inLanguage\":\"fr-FR\"}]}<\/script>\n<!-- \/ Yoast SEO plugin. -->","yoast_head_json":{"title":"Page principal - Pereira Productos del Mar","robots":{"index":"index","follow":"follow","max-snippet":"max-snippet:-1","max-image-preview":"max-image-preview:large","max-video-preview":"max-video-preview:-1"},"canonical":"https:\/\/www.pereira.es\/fr\/","og_locale":"fr_FR","og_type":"article","og_title":"Page principal - Pereira Productos del Mar","og_url":"https:\/\/www.pereira.es\/fr\/","og_site_name":"Pereira Productos del Mar","article_modified_time":"2021-07-09T09:48:57+00:00","twitter_card":"summary_large_image","twitter_misc":{"Dur\u00e9e de lecture estim\u00e9e":"1 minute"},"schema":{"@context":"https:\/\/schema.org","@graph":[{"@type":"WebPage","@id":"https:\/\/www.pereira.es\/fr\/","url":"https:\/\/www.pereira.es\/fr\/","name":"Page principal - Pereira Productos del Mar","isPartOf":{"@id":"https:\/\/www.pereira.es\/#website"},"datePublished":"2021-07-09T09:48:56+00:00","dateModified":"2021-07-09T09:48:57+00:00","breadcrumb":{"@id":"https:\/\/www.pereira.es\/fr\/#breadcrumb"},"inLanguage":"fr-FR","potentialAction":[{"@type":"ReadAction","target":["https:\/\/www.pereira.es\/fr\/"]}]},{"@type":"BreadcrumbList","@id":"https:\/\/www.pereira.es\/fr\/#breadcrumb","itemListElement":[{"@type":"ListItem","position":1,"name":"Portada","item":"https:\/\/www.pereira.es\/fr\/"},{"@type":"ListItem","position":2,"name":"Page principal"}]},{"@type":"WebSite","@id":"https:\/\/www.pereira.es\/#website","url":"https:\/\/www.pereira.es\/","name":"Pereira Productos del Mar","description":"","potentialAction":[{"@type":"SearchAction","target":{"@type":"EntryPoint","urlTemplate":"https:\/\/www.pereira.es\/?s={search_term_string}"},"query-input":{"@type":"PropertyValueSpecification","valueRequired":true,"valueName":"search_term_string"}}],"inLanguage":"fr-FR"}]}},"_links":{"self":[{"href":"https:\/\/www.pereira.es\/fr\/wp-json\/wp\/v2\/pages\/1018","targetHints":{"allow":["GET"]}}],"collection":[{"href":"https:\/\/www.pereira.es\/fr\/wp-json\/wp\/v2\/pages"}],"about":[{"href":"https:\/\/www.pereira.es\/fr\/wp-json\/wp\/v2\/types\/page"}],"author":[{"embeddable":true,"href":"https:\/\/www.pereira.es\/fr\/wp-json\/wp\/v2\/users\/1"}],"replies":[{"embeddable":true,"href":"https:\/\/www.pereira.es\/fr\/wp-json\/wp\/v2\/comments?post=1018"}],"version-history":[{"count":2,"href":"https:\/\/www.pereira.es\/fr\/wp-json\/wp\/v2\/pages\/1018\/revisions"}],"predecessor-version":[{"id":1020,"href":"https:\/\/www.pereira.es\/fr\/wp-json\/wp\/v2\/pages\/1018\/revisions\/1020"}],"wp:attachment":[{"href":"https:\/\/www.pereira.es\/fr\/wp-json\/wp\/v2\/media?parent=1018"}],"curies":[{"name":"wp","href":"https:\/\/api.w.org\/{rel}","templated":true}]}}