{"id":1036,"date":"2021-07-09T10:22:45","date_gmt":"2021-07-09T10:22:45","guid":{"rendered":"https:\/\/pre.pereira.es\/points-de-vente\/"},"modified":"2021-07-12T09:20:45","modified_gmt":"2021-07-12T09:20:45","slug":"points-de-vente","status":"publish","type":"page","link":"https:\/\/www.pereira.es\/fr\/points-de-vente\/","title":{"rendered":"Points de vente"},"content":{"rendered":"<section class=\"l-section wpb_row height_medium\"><div class=\"l-section-h i-cf\"><div class=\"g-cols vc_row type_default valign_top\"><div class=\"vc_col-sm-4 wpb_column vc_column_container\"><div class=\"vc_column-inner\"><div class=\"wpb_wrapper\"><div class=\"w-slider style_none fit_scaledown\"><div class=\"w-slider-h\"><div class=\"royalSlider\"><div class=\"rsContent\"><a class=\"rsImg\" data-rsw=\"1000\" data-rsh=\"667\" href=\"https:\/\/www.pereira.es\/wp-content\/uploads\/2021\/05\/fachada-berbes.jpg\"><span data-alt=\"\"><\/span><\/a><\/div><div class=\"rsContent\"><a class=\"rsImg\" data-rsw=\"1000\" data-rsh=\"667\" href=\"https:\/\/www.pereira.es\/wp-content\/uploads\/2021\/05\/interior-berbes.jpg\"><span data-alt=\"\"><\/span><\/a><\/div><\/div><img decoding=\"async\" src=\"https:\/\/www.pereira.es\/wp-content\/uploads\/2021\/05\/fachada-berbes.jpg\" width=\"1000\" height=\"667\" alt loading=\"lazy\"><\/div><div class=\"w-slider-json\" onclick='return {&quot;loop&quot;:true,&quot;fadeInLoadedSlide&quot;:false,&quot;slidesSpacing&quot;:0,&quot;imageScalePadding&quot;:0,&quot;numImagesToPreload&quot;:2,&quot;arrowsNav&quot;:false,&quot;arrowsNavAutoHide&quot;:false,&quot;transitionType&quot;:&quot;move&quot;,&quot;transitionSpeed&quot;:300,&quot;block&quot;:{&quot;moveEffect&quot;:&quot;none&quot;,&quot;speed&quot;:300},&quot;controlNavigation&quot;:&quot;none&quot;,&quot;autoplay&quot;:{&quot;enabled&quot;:true,&quot;pauseOnHover&quot;:false,&quot;delay&quot;:3000},&quot;imageScaleMode&quot;:&quot;fit-if-smaller&quot;,&quot;autoScaleSlider&quot;:true,&quot;autoScaleSliderWidth&quot;:1000,&quot;autoScaleSliderHeight&quot;:667,&quot;fitInViewport&quot;:false}'><\/div><\/div><div class=\"w-separator size_medium\"><\/div><div class=\"wpb_text_column\" ><div class=\"wpb_wrapper\"><h4>BOUTIQUE BEIRAMAR<\/h4>\n<p>Beiramar, 59<br \/>\nT\u00e9lephone: 986-29-87-02<\/p>\n<p><strong>Horaire:<\/strong><\/p>\n<ul>\n<li>Du lundi au vendredi de 9h \u00e0 13h30 et 17h \u00e0 20h.<\/li>\n<li>Vendredi de 9h \u00e0 20h.<\/li>\n<li>Samedi de 9h \u00e0 14h.<\/li>\n<\/ul>\n<\/div><\/div><\/div><\/div><\/div><div class=\"vc_col-sm-4 wpb_column vc_column_container\"><div class=\"vc_column-inner\"><div class=\"wpb_wrapper\"><div class=\"w-slider style_none fit_scaledown\"><div class=\"w-slider-h\"><div class=\"royalSlider\"><div class=\"rsContent\"><a class=\"rsImg\" data-rsw=\"1000\" data-rsh=\"667\" href=\"https:\/\/www.pereira.es\/wp-content\/uploads\/2021\/05\/interior-progreso.jpg\"><span data-alt=\"\"><\/span><\/a><\/div><div class=\"rsContent\"><a class=\"rsImg\" data-rsw=\"1000\" data-rsh=\"667\" href=\"https:\/\/www.pereira.es\/wp-content\/uploads\/2021\/05\/fachada-progreso.jpg\"><span data-alt=\"\"><\/span><\/a><\/div><\/div><img decoding=\"async\" src=\"https:\/\/www.pereira.es\/wp-content\/uploads\/2021\/05\/interior-progreso.jpg\" width=\"1000\" height=\"667\" alt loading=\"lazy\"><\/div><div class=\"w-slider-json\" onclick='return {&quot;loop&quot;:true,&quot;fadeInLoadedSlide&quot;:false,&quot;slidesSpacing&quot;:0,&quot;imageScalePadding&quot;:0,&quot;numImagesToPreload&quot;:2,&quot;arrowsNav&quot;:false,&quot;arrowsNavAutoHide&quot;:false,&quot;transitionType&quot;:&quot;move&quot;,&quot;transitionSpeed&quot;:300,&quot;block&quot;:{&quot;moveEffect&quot;:&quot;none&quot;,&quot;speed&quot;:300},&quot;controlNavigation&quot;:&quot;none&quot;,&quot;autoplay&quot;:{&quot;enabled&quot;:true,&quot;pauseOnHover&quot;:false,&quot;delay&quot;:3000},&quot;imageScaleMode&quot;:&quot;fit-if-smaller&quot;,&quot;autoScaleSlider&quot;:true,&quot;autoScaleSliderWidth&quot;:1000,&quot;autoScaleSliderHeight&quot;:667,&quot;fitInViewport&quot;:false}'><\/div><\/div><div class=\"w-separator size_medium\"><\/div><div class=\"wpb_text_column\" ><div class=\"wpb_wrapper\"><h4>BOUTIQUE PROGRESO<\/h4>\n<p>Ronda de D. Bosco, 41<br \/>\nT\u00e9l\u00e9phone: 986-43-16-40<\/p>\n<p><strong>Horaire :<\/strong><\/p>\n<ul>\n<li>Du lundi au jeudi de 9h30 \u00e0 14h et de 17h30 \u00e0 23.00 h.<\/li>\n<li>Vendredi de 9h \u00e0 14h et de 17h30 \u00e0 23.00 h.<\/li>\n<li>Samedi de 9h \u00e0 14 h.<\/li>\n<\/ul>\n<\/div><\/div><div class=\"w-separator size_medium\"><\/div><div class=\"w-image align_right\"><a target=\"_blank\" href=\"https:\/\/www.facebook.com\/PereiraTiendas\/\" rel=\"noopener\" aria-label=\"Lien\" class=\"w-image-h\"><img loading=\"lazy\" decoding=\"async\" width=\"333\" height=\"55\" src=\"https:\/\/www.pereira.es\/wp-content\/uploads\/2021\/07\/siguenosEnFacebook_frances.jpg\" class=\"attachment-large size-large\" alt=\"\" srcset=\"https:\/\/www.pereira.es\/wp-content\/uploads\/2021\/07\/siguenosEnFacebook_frances.jpg 333w, https:\/\/www.pereira.es\/wp-content\/uploads\/2021\/07\/siguenosEnFacebook_frances-300x50.jpg 300w\" sizes=\"auto, (max-width: 333px) 100vw, 333px\" \/><\/a><\/div><\/div><\/div><\/div><div class=\"vc_col-sm-4 wpb_column vc_column_container\"><div class=\"vc_column-inner\"><div class=\"wpb_wrapper\"><div class=\"w-image align_center\"><a target=\"_blank\" href=\"https:\/\/tienda.pereira.es\/\" rel=\"noopener\" aria-label=\"Lien\" class=\"w-image-h\"><img loading=\"lazy\" decoding=\"async\" width=\"1000\" height=\"667\" src=\"https:\/\/www.pereira.es\/wp-content\/uploads\/2021\/07\/tienda-online-pereira.jpg\" class=\"attachment-large size-large\" alt=\"\" srcset=\"https:\/\/www.pereira.es\/wp-content\/uploads\/2021\/07\/tienda-online-pereira.jpg 1000w, https:\/\/www.pereira.es\/wp-content\/uploads\/2021\/07\/tienda-online-pereira-300x200.jpg 300w\" sizes=\"auto, (max-width: 1000px) 100vw, 1000px\" \/><\/a><\/div><div class=\"w-separator size_medium\"><\/div><div class=\"wpb_text_column\" ><div class=\"wpb_wrapper\"><h4>BOUTIQUE EN LIGNE PEREIRA<\/h4>\n<p>Ouvert 24h\/24, 7j\/7<\/p>\n<p><a href=\"https:\/\/tienda.pereira.es\/\" target=\"_blank\" rel=\"noopener\">https:\/\/tienda.pereira.es\/<\/a><\/p>\n<\/div><\/div><\/div><\/div><\/div><\/div><\/div><\/section><section class=\"l-section wpb_row height_small\"><div class=\"l-section-h i-cf\"><div class=\"g-cols vc_row type_default valign_top\"><div class=\"vc_col-sm-6 wpb_column vc_column_container\"><div class=\"vc_column-inner\"><div class=\"wpb_wrapper\">[vc_raw_html]PGlmcmFtZSBzcmM9Imh0dHBzOi8vd3d3Lmdvb2dsZS5jb20vbWFwcy9lbWJlZD9wYj0hMW0xOCExbTEyITFtMyExZDExODE3Ljc2MTM5NDM4MjE1OCEyZC04LjczODQwMjU1ODgzMDI2ITNkNDIuMjI2NDA0NTQxNDI2MDMhMm0zITFmMCEyZjAhM2YwITNtMiExaTEwMjQhMmk3NjghNGYxMy4xITNtMyExbTIhMXMweGQyZjYyMTA2ZTRhMTE0ZCUzQTB4NTUzMTRmNDliODM1MDYwZCEyc1BlcmVpcmErUHJvZHVjdG9zK2RlbCtNYXIhNWUwITNtMiExc2VzITJzZXMhNHYxNDY1MzEzMjI1ODE1IiB3aWR0aD0iNjAwIiBoZWlnaHQ9IjM1MCIgZnJhbWVib3JkZXI9IjAiIHN0eWxlPSJib3JkZXI6MCIgYWxsb3dmdWxsc2NyZWVuPSIiPjwvaWZyYW1lPg==[\/vc_raw_html]<\/div><\/div><\/div><div class=\"vc_col-sm-6 wpb_column vc_column_container\"><div class=\"vc_column-inner\"><div class=\"wpb_wrapper\">[vc_raw_html]PGlmcmFtZSBzcmM9Imh0dHBzOi8vd3d3Lmdvb2dsZS5jb20vbWFwcy9lbWJlZD9wYj0hMW0xOCExbTEyITFtMyExZDI5NTQuMDI2NDk5MTIxMzIyITJkLTguNzI0NjEyNTg0NDIxODchM2Q0Mi4yMzUyNDY4NTA5NjY4NzQhMm0zITFmMCEyZjAhM2YwITNtMiExaTEwMjQhMmk3NjghNGYxMy4xITNtMyExbTIhMXMweGQyZjYyNmJiYzY5YzhmNSUzQTB4YzhhM2VlMmU2OWQ3NmZjNCEyc1IlQzMlQkFhK2RhK1JvbmRhK2RlK0RvbitCb3NjbyUyQys0MSUyQyszNjIwMitWaWdvJTJDK1BvbnRldmVkcmEhNWUwITNtMiExc2VzITJzZXMhNHYxNDY1MzEzMjkzMjYxIiB3aWR0aD0iNjAwIiBoZWlnaHQ9IjM1MCIgZnJhbWVib3JkZXI9IjAiIHN0eWxlPSJib3JkZXI6MCIgYWxsb3dmdWxsc2NyZWVuPSIiPjwvaWZyYW1lPg==[\/vc_raw_html]<\/div><\/div><\/div><div class=\"vc_col-sm-12 wpb_column vc_column_container\"><div class=\"vc_column-inner\"><div class=\"wpb_wrapper\"><div class=\"w-separator size_large\"><\/div><\/div><\/div><\/div><\/div><\/div><\/section>\n","protected":false},"excerpt":{"rendered":"BOUTIQUE BEIRAMAR Beiramar, 59 T\u00e9lephone: 986-29-87-02 Horaire: Du lundi au vendredi de 9h \u00e0 13h30 et 17h \u00e0 20h. Vendredi de 9h \u00e0 20h. Samedi de 9h \u00e0 14h. BOUTIQUE PROGRESO Ronda de D. Bosco, 41 T\u00e9l\u00e9phone: 986-43-16-40 Horaire : Du lundi au jeudi de 9h30 \u00e0 14h et de 17h30 \u00e0 23.00 h. Vendredi...","protected":false},"author":1,"featured_media":0,"parent":0,"menu_order":0,"comment_status":"closed","ping_status":"closed","template":"","meta":{"_acf_changed":false,"footnotes":""},"class_list":["post-1036","page","type-page","status-publish","hentry"],"acf":[],"yoast_head":"<!-- This site is optimized with the Yoast SEO plugin v27.4 - https:\/\/yoast.com\/product\/yoast-seo-wordpress\/ -->\n<title>Points de vente - Pereira Productos del Mar<\/title>\n<meta name=\"robots\" content=\"index, follow, max-snippet:-1, max-image-preview:large, max-video-preview:-1\" \/>\n<link rel=\"canonical\" href=\"https:\/\/www.pereira.es\/fr\/points-de-vente\/\" \/>\n<meta property=\"og:locale\" content=\"fr_FR\" \/>\n<meta property=\"og:type\" content=\"article\" \/>\n<meta property=\"og:title\" content=\"Points de vente - Pereira Productos del Mar\" \/>\n<meta property=\"og:url\" content=\"https:\/\/www.pereira.es\/fr\/points-de-vente\/\" \/>\n<meta property=\"og:site_name\" content=\"Pereira Productos del Mar\" \/>\n<meta property=\"article:modified_time\" content=\"2021-07-12T09:20:45+00:00\" \/>\n<meta name=\"twitter:card\" content=\"summary_large_image\" \/>\n<meta name=\"twitter:label1\" content=\"Dur\u00e9e de lecture estim\u00e9e\" \/>\n\t<meta name=\"twitter:data1\" content=\"2 minutes\" \/>\n<script type=\"application\/ld+json\" class=\"yoast-schema-graph\">{\"@context\":\"https:\\\/\\\/schema.org\",\"@graph\":[{\"@type\":\"WebPage\",\"@id\":\"https:\\\/\\\/www.pereira.es\\\/fr\\\/points-de-vente\\\/\",\"url\":\"https:\\\/\\\/www.pereira.es\\\/fr\\\/points-de-vente\\\/\",\"name\":\"Points de vente - Pereira Productos del Mar\",\"isPartOf\":{\"@id\":\"https:\\\/\\\/www.pereira.es\\\/#website\"},\"datePublished\":\"2021-07-09T10:22:45+00:00\",\"dateModified\":\"2021-07-12T09:20:45+00:00\",\"breadcrumb\":{\"@id\":\"https:\\\/\\\/www.pereira.es\\\/fr\\\/points-de-vente\\\/#breadcrumb\"},\"inLanguage\":\"fr-FR\",\"potentialAction\":[{\"@type\":\"ReadAction\",\"target\":[\"https:\\\/\\\/www.pereira.es\\\/fr\\\/points-de-vente\\\/\"]}]},{\"@type\":\"BreadcrumbList\",\"@id\":\"https:\\\/\\\/www.pereira.es\\\/fr\\\/points-de-vente\\\/#breadcrumb\",\"itemListElement\":[{\"@type\":\"ListItem\",\"position\":1,\"name\":\"Portada\",\"item\":\"https:\\\/\\\/www.pereira.es\\\/fr\\\/\"},{\"@type\":\"ListItem\",\"position\":2,\"name\":\"Points de vente\"}]},{\"@type\":\"WebSite\",\"@id\":\"https:\\\/\\\/www.pereira.es\\\/#website\",\"url\":\"https:\\\/\\\/www.pereira.es\\\/\",\"name\":\"Pereira Productos del Mar\",\"description\":\"\",\"potentialAction\":[{\"@type\":\"SearchAction\",\"target\":{\"@type\":\"EntryPoint\",\"urlTemplate\":\"https:\\\/\\\/www.pereira.es\\\/?s={search_term_string}\"},\"query-input\":{\"@type\":\"PropertyValueSpecification\",\"valueRequired\":true,\"valueName\":\"search_term_string\"}}],\"inLanguage\":\"fr-FR\"}]}<\/script>\n<!-- \/ Yoast SEO plugin. -->","yoast_head_json":{"title":"Points de vente - Pereira Productos del Mar","robots":{"index":"index","follow":"follow","max-snippet":"max-snippet:-1","max-image-preview":"max-image-preview:large","max-video-preview":"max-video-preview:-1"},"canonical":"https:\/\/www.pereira.es\/fr\/points-de-vente\/","og_locale":"fr_FR","og_type":"article","og_title":"Points de vente - Pereira Productos del Mar","og_url":"https:\/\/www.pereira.es\/fr\/points-de-vente\/","og_site_name":"Pereira Productos del Mar","article_modified_time":"2021-07-12T09:20:45+00:00","twitter_card":"summary_large_image","twitter_misc":{"Dur\u00e9e de lecture estim\u00e9e":"2 minutes"},"schema":{"@context":"https:\/\/schema.org","@graph":[{"@type":"WebPage","@id":"https:\/\/www.pereira.es\/fr\/points-de-vente\/","url":"https:\/\/www.pereira.es\/fr\/points-de-vente\/","name":"Points de vente - Pereira Productos del Mar","isPartOf":{"@id":"https:\/\/www.pereira.es\/#website"},"datePublished":"2021-07-09T10:22:45+00:00","dateModified":"2021-07-12T09:20:45+00:00","breadcrumb":{"@id":"https:\/\/www.pereira.es\/fr\/points-de-vente\/#breadcrumb"},"inLanguage":"fr-FR","potentialAction":[{"@type":"ReadAction","target":["https:\/\/www.pereira.es\/fr\/points-de-vente\/"]}]},{"@type":"BreadcrumbList","@id":"https:\/\/www.pereira.es\/fr\/points-de-vente\/#breadcrumb","itemListElement":[{"@type":"ListItem","position":1,"name":"Portada","item":"https:\/\/www.pereira.es\/fr\/"},{"@type":"ListItem","position":2,"name":"Points de vente"}]},{"@type":"WebSite","@id":"https:\/\/www.pereira.es\/#website","url":"https:\/\/www.pereira.es\/","name":"Pereira Productos del Mar","description":"","potentialAction":[{"@type":"SearchAction","target":{"@type":"EntryPoint","urlTemplate":"https:\/\/www.pereira.es\/?s={search_term_string}"},"query-input":{"@type":"PropertyValueSpecification","valueRequired":true,"valueName":"search_term_string"}}],"inLanguage":"fr-FR"}]}},"_links":{"self":[{"href":"https:\/\/www.pereira.es\/fr\/wp-json\/wp\/v2\/pages\/1036","targetHints":{"allow":["GET"]}}],"collection":[{"href":"https:\/\/www.pereira.es\/fr\/wp-json\/wp\/v2\/pages"}],"about":[{"href":"https:\/\/www.pereira.es\/fr\/wp-json\/wp\/v2\/types\/page"}],"author":[{"embeddable":true,"href":"https:\/\/www.pereira.es\/fr\/wp-json\/wp\/v2\/users\/1"}],"replies":[{"embeddable":true,"href":"https:\/\/www.pereira.es\/fr\/wp-json\/wp\/v2\/comments?post=1036"}],"version-history":[{"count":8,"href":"https:\/\/www.pereira.es\/fr\/wp-json\/wp\/v2\/pages\/1036\/revisions"}],"predecessor-version":[{"id":1330,"href":"https:\/\/www.pereira.es\/fr\/wp-json\/wp\/v2\/pages\/1036\/revisions\/1330"}],"wp:attachment":[{"href":"https:\/\/www.pereira.es\/fr\/wp-json\/wp\/v2\/media?parent=1036"}],"curies":[{"name":"wp","href":"https:\/\/api.w.org\/{rel}","templated":true}]}}