{"id":1068,"date":"2021-07-09T10:33:16","date_gmt":"2021-07-09T10:33:16","guid":{"rendered":"https:\/\/pre.pereira.es\/avviso-legale\/"},"modified":"2021-07-09T10:33:16","modified_gmt":"2021-07-09T10:33:16","slug":"avviso-legale","status":"publish","type":"page","link":"https:\/\/www.pereira.es\/it\/avviso-legale\/","title":{"rendered":"Avviso legale"},"content":{"rendered":"<h1>AVISO LEGAL<\/h1>\n<h2>CONDICIONES GENERALES DE USO<\/h2>\n<p>En cumplimiento de la Ley 34\/2002, de 11 de julio, de Servicios de la sociedad de la informaci\u00f3n y de comercio electr\u00f3nico (LSSI), el presente\u00a0aviso legal\u00a0establece las condiciones generales de uso que regulan el acceso y uso del sitio web, titularidad de PEREIRA S.A (en adelante PEREIRA).<\/p>\n<p>PEREIRA, S.A le da la bienvenida y le invita a leer atentamente las Condiciones Generales de Uso de este Sito Web.<\/p>\n<h3>1.- Datos del Titular del sitio web:<\/h3>\n<p>PEREIRA, S.A<\/p>\n<p>CIF:\u00a0A27707272<\/p>\n<p>Domicilio:\u00a0Puerto Pesquero de Vigo, D\u00e1rsena 4 s\/n, 36202, Vigo, Pontevedra, Galicia, Espa\u00f1a<\/p>\n<p>Tel\u00e9fono: +34 986 44 62 65<\/p>\n<p>Fax: +34 986 44 34 30<\/p>\n<p>Email contacto: protecciondedatosppm@grupopereira.com<\/p>\n<p>Inscripci\u00f3n en Registros:<\/p>\n<ul>\n<li>Registro Mercantil de Pontevedra, tomo 3433, libro 3433, Folio 79, Secci\u00f3n 14\u00aa, Hoja PO 45326<\/li>\n<li>Registro General de la Agencia Espa\u00f1ola de Protecci\u00f3n de Datos<\/li>\n<li>Ficheros Registrados: \u00a8Agenda y Correo Electr\u00f3nico\u00a8; \u00a8Clientes y Proveedores\u00a8; \u00a8N\u00f3minas y Personal\u00a8; \u00a8Usuarios de la Web\u00a8 y \u00a8Videovigilancia\u00a8.<\/li>\n<\/ul>\n<p>Dominios de PEREIRA, S.A\u00a0(en adelante el \u00a8sitio web\u00a8).<\/p>\n<ul>\n<li><a href=\"http:\/\/www.pereira.es\/\" target=\"_blank\" rel=\"noopener\">http:\/\/www.pereira.es<\/a><\/li>\n<\/ul>\n<h3>2.- Objeto<\/h3>\n<p>El \u00a8sitio web\u00a8 se pone a disposici\u00f3n de los usuarios de Internet, con el fin de proporcionar informaci\u00f3n sobre los productos y servicios de PEREIRA, S.A, as\u00ed como permitir la prestaci\u00f3n de distintos servicios a trav\u00e9s del mismo.<\/p>\n<p>PEREIRA suministra el contenido y los servicios que est\u00e1n disponibles en el &#8220;Sitio Web&#8221;, con sujeci\u00f3n a las presentes Condiciones Generales de Uso (Aviso Legal) as\u00ed como a la pol\u00edtica sobre tratamiento de datos personales (en adelante, la &#8220;Pol\u00edtica de Privacidad y Protecci\u00f3n de Datos Personales&#8221;\u00a0<a href=\"https:\/\/www.pereira.es\/aviso_legal.php\" target=\"_blank\" rel=\"noopener\">&#8220;Pol\u00edtica de Privacidad y Protecci\u00f3n de Datos Personales&#8221;<\/a>. El acceso a este \u00a8Sitio Web\u00a8 o su utilizaci\u00f3n en cualquier forma, le otorga la calificaci\u00f3n de &#8220;Usuario&#8221; e implica la aceptaci\u00f3n de todas y cada una de las presentes Condiciones Generales de Uso, reserv\u00e1ndose PEREIRA el derecho a modificar el contenido del sitio web sin que exista obligaci\u00f3n de preavisar o poner en conocimiento de los Usuarios los cambios efectuados, entendi\u00e9ndose como suficiente con la publicaci\u00f3n en el presente sitio web. En consecuencia, ser\u00e1 responsabilidad de todo Usuario, la atenta lectura de este documento en cada una de las ocasiones en que acceda a este \u00a8Sitio Web\u00a8, por lo que si no est\u00e1 de acuerdo con cualquiera de los t\u00e9rminos aqu\u00ed dispuestos, deber\u00e1 abstenerse respecto al uso del mismo.<\/p>\n<p>Asimismo, el Usuario queda advertido de que, en ocasiones, se podr\u00e1n establecer condiciones particulares para la utilizaci\u00f3n de contenidos y\/o servicios espec\u00edficos. La utilizaci\u00f3n de dichos contenidos o servicios implicar\u00e1 la aceptaci\u00f3n de las condiciones particulares en ellos especificadas.<\/p>\n<h3>3.- Servicios (en adelante los \u201cServicios\u201d).<\/h3>\n<p>A trav\u00e9s del \u00a8Sitio Web\u00a8\u00a0<a href=\"http:\/\/www.pereira.es\/\">http:\/\/www.pereira.es<\/a>, ofrecemos a los Usuarios los servicios que se describen a continuaci\u00f3n:<\/p>\n<ul>\n<li>Acceder a informaci\u00f3n institucional de PEREIRA, S.A, cuya actividad es la especializaci\u00f3n en el canal hosteler\u00eda Horeca y Colectividades, sus servicios, productos y marcas comercializadas, as\u00ed como cat\u00e1logos de recetas;<\/li>\n<li>Poder efectuar consultas o enviar sugerencias a trav\u00e9s de los formularios de contacto existentes en el \u00a8sitio web\u00a8;<\/li>\n<li>Acceder a la secci\u00f3n \u00a8trabaja con nosotros\u00a8\u00a0para poder conocer la informaci\u00f3n disponible sobre ofertas de empleo de PEREIRA, as\u00ed como enviar las\u00a0solicitudes de empleo o pr\u00e1cticas que el candidato\u00a0env\u00ede\u00a0a trav\u00e9s de los medios indicados en este apartado, con la finalidad de poder participar en futuros procesos de selecci\u00f3n de personal.<\/li>\n<li>Suscribirse a la lista de correos para recibir la newsletter o bolet\u00edn de noticias de PEREIRA HOSTELERIA;<\/li>\n<li>Seguir a PEREIRA en las Redes Sociales en las que tiene presencia, y que son accesibles a trav\u00e9s del \u00a8sitio web\u00a8.<\/li>\n<\/ul>\n<h3>4.- Acceso al \u00a8sitio web\u00a8 y Contrase\u00f1as<\/h3>\n<p>El acceso al \u00a8sitio web\u00a8 posee car\u00e1cter gratuito, as\u00ed como la informaci\u00f3n que contiene. Asimismo no se exige la previa suscripci\u00f3n o registro como usuario, para el acceso y uso del sitio web, sin perjuicio que para determinados servicios se le podr\u00e1n requerir determinados datos, en cuyo caso la omisi\u00f3n o la negativa de aportar los datos solicitados, imposibilitar\u00e1 que se cumpla con la finalidad mencionada, siendo voluntaria la inclusi\u00f3n de datos en los campos restantes.<\/p>\n<h3>5.-Responsabilidad del Usuario<\/h3>\n<ul>\n<li>El usuario ser\u00e1 responsable de la veracidad y exactitud de los datos e informaciones enviados o facilitados a PEREIRA a trav\u00e9s de correo electr\u00f3nico, formularios de contacto o registro u otros medios convencionales como tel\u00e9fono y\/o fax.<\/li>\n<li>El Usuario se compromete a utilizar el \u00a8sitio web\u00a8, los contenidos y servicios de conformidad con la ley, el presente Aviso Legal, las buenas costumbres y el orden p\u00fablico.<\/li>\n<li>Del mismo modo el Usuario se obliga a no utilizar el \u00a8sitio web\u00a8, sus contenidos o los servicios que se presten a trav\u00e9s \u00e9ste, con fines il\u00edcitos o contrarios al contenido del presente Aviso Legal, lesivos de los derechos o intereses de terceros, o que de cualquier forma pueda inutilizar, da\u00f1ar, o hacer inaccesibles o deteriorar el \u00a8sitio web\u00a8, sus contenidos o sus servicios o impedir un normal disfrute de la misma por parte de otros Usuarios.<\/li>\n<li>Asimismo, el Usuario se compromete expresamente a no alterar, destruir, inutilizar o, de cualquier otra forma, da\u00f1ar los datos, informaci\u00f3n, programas o documentos electr\u00f3nicos que se encuentren en el \u00a8sitio Web\u00a8.<\/li>\n<li>El Usuario se compromete a no introducir programas, virus, o cualquier otro dispositivo l\u00f3gico o secuencia de caracteres que causen o puedan causar cualquier tipo de alteraci\u00f3n o da\u00f1o en los sistemas inform\u00e1ticos de PEREIRA.<\/li>\n<\/ul>\n<h3>6.-Responsabilidad de PEREIRA<\/h3>\n<p>Tanto el acceso al \u00a8sitio web\u00a8 de PEREIRA como el uso que pueda efectuarse de la informaci\u00f3n contenida en los mismos es de la exclusiva responsabilidad del usuario. El \u00a8sitio web\u00a8 de PEREIRA contiene informaci\u00f3n, textos, fotograf\u00edas con fines divulgativos o meramente informativos. Los mismos proceden de fuentes consideradas como fiables, y si bien se han tomado medidas razonables para asegurarse de que la informaci\u00f3n contenida sea correcta, no se garantiza que sea exacta, completa, o est\u00e9 actualizada en todo momento, por lo que PEREIRA declina expresamente cualquier responsabilidad por error u omisi\u00f3n en la informaci\u00f3n contenida en el \u00a8sitio web\u00a8. PEREIRA se reserva el derecho a modificar, suspender temporalmente, cancelar o restringir el contenido del \u00a8sitio web\u00a8, sin necesidad de previo aviso. PEREIRA se pone a disposici\u00f3n de los usuarios, autoridades, fuerzas y cuerpos de seguridad, para colaborar de forma activa en la retirada o en su caso bloqueo de todos aquellos contenidos que pudieran contravenir la legislaci\u00f3n nacional, o internacional, la moral y el orden p\u00fablico o afectar derechos de terceros. En caso de que el usuario considere que existe en el \u00a8sitio web\u00a8 alg\u00fan contenido que pudiera ser susceptible de esta clasificaci\u00f3n, rogamos se ponga en contacto con PEREIRA a trav\u00e9s de la direcci\u00f3n de correo protecciondedatosppm@grupopereira.com.<\/p>\n<h3>7.- Enlaces<\/h3>\n<p>El presente Aviso Legal se refiere \u00fanicamente al \u00a8sitio Web\u00a8 y contenidos de PEREIRA, y no se aplica a los enlaces o a las p\u00e1ginas web de terceros que sean accesibles a trav\u00e9s del mismo.<\/p>\n<p>El \u00a8sitio web\u00a8 contiene y se reserva el derecho a introducir links o v\u00ednculos a p\u00e1ginas web de terceros. En el supuesto anterior, PEREIRA, no se har\u00e1 responsable de las webs no propias a las que el usuario pudiese acceder mediante dichos v\u00ednculos o links. Cualquier uso de un v\u00ednculo o acceso a una web que no sea propia, ser\u00e1 realizado por voluntad y riesgo exclusivo del usuario. PEREIRA no garantiza ni recomienda ninguna informaci\u00f3n que se pueda obtener por o a trav\u00e9s de un v\u00ednculo, ni se responsabilizar\u00e1 de ninguna p\u00e9rdida, reclamaci\u00f3n o perjuicio derivado del uso o mal uso de dicho v\u00ednculo, o de la informaci\u00f3n obtenida a trav\u00e9s del mismo, de la interrupci\u00f3n del servicio o acceso, tanto al acceder a la Web, como al acceder a la informaci\u00f3n de otras webs desde el \u00a8sitio web\u00a8. Asimismo le informamos que las pr\u00e1cticas sobre privacidad y recogida de informaci\u00f3n de las p\u00e1ginas web cuyos enlaces incluimos en nuestro sitio web son completamente ajenas a PEREIRA y por lo tanto no se hallan cubiertas por este Aviso Legal ni por nuestra Pol\u00edtica de Privacidad.<\/p>\n<p>Asimismo PEREIRA informa que no permite el establecimiento de un hiperenlace desde un sitio web ajeno al sitio web de PEREIRA, a menos que disponga del consentimiento previo y expreso de PEREIRA para hacerlo.<\/p>\n<h3>8.-Propiedad intelectual e industrial<\/h3>\n<p>Todos los contenidos del sitio web, salvo que se indique lo contrario, son titularidad exclusiva de PEREIRA y, con car\u00e1cter enunciativo, que no limitativo, el dise\u00f1o gr\u00e1fico, c\u00f3digo fuente, logos, textos, gr\u00e1ficos, ilustraciones, fotograf\u00edas, y dem\u00e1s elementos que aparecen en el sitio web.<\/p>\n<p>Igualmente, todos los nombres comerciales, marcas o signos distintivos de cualquier clase contenidos en el sitio web son titularidad de PEREIRA o de terceros y est\u00e1n protegidos por Ley.<\/p>\n<p>PEREIRA no concede ning\u00fan tipo de licencia o autorizaci\u00f3n de uso personal al Usuario sobre sus derechos de propiedad intelectual e industrial o sobre cualquier otro derecho relacionado con su Web y los servicios ofrecidos en la misma. Por ello, el Usuario reconoce que la reproducci\u00f3n, distribuci\u00f3n, comercializaci\u00f3n, transformaci\u00f3n, y en general, cualquier otra forma de explotaci\u00f3n, por cualquier procedimiento, de los contenidos de esta p\u00e1gina Web constituye una infracci\u00f3n de los derechos de propiedad intelectual y\/o industrial de PEREIRA o del titular de los mismos.<\/p>\n<h3>9.-Redes sociales<\/h3>\n<p>PEREIRA dispone actualmente de perfil una de las principales redes sociales de Internet: Facebook\u00a0<a href=\"https:\/\/www.facebook.com\/PereiraHosteleria\/\">https:\/\/www.facebook.com\/PereiraHosteleria\/<\/a>, sin perjuicio de que pueda disponer en el futuro de perfil en otras redes sociales tales como twitter, instagram, linkedin u otras.<\/p>\n<p>Rogamos leer atentamente y aceptar expresamente la\u00a0<a href=\"https:\/\/www.pereira.es\/politica_privacidad.php\" target=\"_blank\" rel=\"noopener\">\u00a8Pol\u00edtica de Privacidad y Protecci\u00f3n de Datos Personales \u00a8<\/a><\/p>\n<h3>10.-Privacidad y Protecci\u00f3n de Datos Personales<\/h3>\n<p>El Usuario podr\u00e1 remitir a PEREIRA sus datos de car\u00e1cter personal a trav\u00e9s de las distintas v\u00edas que a tal efecto aparecen mencionadas en el \u00a8sitio web\u00a8.<\/p>\n<p>Rogamos leer atentamente y aceptar expresamente la\u00a0<a href=\"https:\/\/www.pereira.es\/politica_privacidad.php\" target=\"_blank\" rel=\"noopener\">\u00a8Pol\u00edtica de Privacidad y Protecci\u00f3n de Datos Personales \u00a8<\/a>\u00a0antes de facilitar sus datos de car\u00e1cter personal.<\/p>\n<h3>11.- Pol\u00edtica de Cookies<\/h3>\n<p>La navegaci\u00f3n por el sitio web o la \u00a8Pol\u00edtica de Cookies\u00a8 de PEREIRA, queda determinada por lo establecido en el documento\u00a0<a href=\"https:\/\/www.pereira.es\/politica_de_cookies.php.php\" target=\"_blank\" rel=\"noopener\">\u00a8Pol\u00edtica de Cookies\u00a8.<\/a><\/p>\n<h3>12.-Modificaci\u00f3n de las condiciones de uso<\/h3>\n<p>PEREIRA se reserva el derecho de desarrollar o actualizar en cualquier momento las condiciones de uso de la presente p\u00e1gina web por lo que el usuario deber\u00e1 leerlas peri\u00f3dicamente.<\/p>\n<h3>13.-Ley aplicable y Jurisdicci\u00f3n<\/h3>\n<p>Las presentes Condiciones Generales de Uso, as\u00ed como el uso del Sitio Web, se regir\u00e1n por la legislaci\u00f3n espa\u00f1ola. Cualquier controversia ser\u00e1 resuelta ante los tribunales del domicilio de PEREIRA (Vigo, Pontevedra).<\/p>\n<p>En el supuesto de que cualquier estipulaci\u00f3n de las presentes Condiciones Generales de Uso resultara inexigible o nula en virtud de la legislaci\u00f3n aplicable o como consecuencia de una resoluci\u00f3n judicial o administrativa, dicha inexigibilidad o nulidad no har\u00e1 que las presentes Condiciones Generales de Uso resulten inexigibles o nulas en su conjunto. En dichos caso, PEREIRA proceder\u00e1 a la modificaci\u00f3n o sustituci\u00f3n de dicha estipulaci\u00f3n por otra que sea v\u00e1lida y exigible y que, en la medida de lo posible, consiga el objetivo y pretensi\u00f3n reflejados en la estipulaci\u00f3n original.<\/p>\n<p>PEREIRA perseguir\u00e1 el incumplimiento de las presentes Condiciones as\u00ed como cualquier utilizaci\u00f3n indebida del sitio web ejerciendo todas las acciones civiles y penales que le puedan corresponder y asistan en derecho.<\/p>\n","protected":false},"excerpt":{"rendered":"<p>AVISO LEGAL CONDICIONES GENERALES DE USO En cumplimiento de la Ley 34\/2002, de 11 de julio, de Servicios de la sociedad de la informaci\u00f3n y de comercio electr\u00f3nico (LSSI), el presente\u00a0aviso legal\u00a0establece las condiciones generales de uso que regulan el acceso y uso del sitio web, titularidad de PEREIRA S.A (en adelante PEREIRA). PEREIRA, S.A&#8230;<\/p>\n","protected":false},"author":1,"featured_media":0,"parent":0,"menu_order":0,"comment_status":"closed","ping_status":"closed","template":"","meta":{"_acf_changed":false,"footnotes":""},"class_list":["post-1068","page","type-page","status-publish","hentry"],"acf":[],"yoast_head":"<!-- This site is optimized with the Yoast SEO plugin v27.4 - https:\/\/yoast.com\/product\/yoast-seo-wordpress\/ -->\n<title>Avviso legale - Pereira Productos del Mar<\/title>\n<meta name=\"robots\" content=\"index, follow, max-snippet:-1, max-image-preview:large, max-video-preview:-1\" \/>\n<link rel=\"canonical\" href=\"https:\/\/www.pereira.es\/it\/avviso-legale\/\" \/>\n<meta property=\"og:locale\" content=\"it_IT\" \/>\n<meta property=\"og:type\" content=\"article\" \/>\n<meta property=\"og:title\" content=\"Avviso legale - Pereira Productos del Mar\" \/>\n<meta property=\"og:description\" content=\"AVISO LEGAL CONDICIONES GENERALES DE USO En cumplimiento de la Ley 34\/2002, de 11 de julio, de Servicios de la sociedad de la informaci\u00f3n y de comercio electr\u00f3nico (LSSI), el presente\u00a0aviso legal\u00a0establece las condiciones generales de uso que regulan el acceso y uso del sitio web, titularidad de PEREIRA S.A (en adelante PEREIRA). PEREIRA, S.A...\" \/>\n<meta property=\"og:url\" content=\"https:\/\/www.pereira.es\/it\/avviso-legale\/\" \/>\n<meta property=\"og:site_name\" content=\"Pereira Productos del Mar\" \/>\n<meta name=\"twitter:card\" content=\"summary_large_image\" \/>\n<meta name=\"twitter:label1\" content=\"Tempo di lettura stimato\" \/>\n\t<meta name=\"twitter:data1\" content=\"10 minuti\" \/>\n<script type=\"application\/ld+json\" class=\"yoast-schema-graph\">{\"@context\":\"https:\\\/\\\/schema.org\",\"@graph\":[{\"@type\":\"WebPage\",\"@id\":\"https:\\\/\\\/www.pereira.es\\\/it\\\/avviso-legale\\\/\",\"url\":\"https:\\\/\\\/www.pereira.es\\\/it\\\/avviso-legale\\\/\",\"name\":\"Avviso legale - Pereira Productos del Mar\",\"isPartOf\":{\"@id\":\"https:\\\/\\\/www.pereira.es\\\/#website\"},\"datePublished\":\"2021-07-09T10:33:16+00:00\",\"breadcrumb\":{\"@id\":\"https:\\\/\\\/www.pereira.es\\\/it\\\/avviso-legale\\\/#breadcrumb\"},\"inLanguage\":\"it-IT\",\"potentialAction\":[{\"@type\":\"ReadAction\",\"target\":[\"https:\\\/\\\/www.pereira.es\\\/it\\\/avviso-legale\\\/\"]}]},{\"@type\":\"BreadcrumbList\",\"@id\":\"https:\\\/\\\/www.pereira.es\\\/it\\\/avviso-legale\\\/#breadcrumb\",\"itemListElement\":[{\"@type\":\"ListItem\",\"position\":1,\"name\":\"Portada\",\"item\":\"https:\\\/\\\/www.pereira.es\\\/it\\\/\"},{\"@type\":\"ListItem\",\"position\":2,\"name\":\"Avviso legale\"}]},{\"@type\":\"WebSite\",\"@id\":\"https:\\\/\\\/www.pereira.es\\\/#website\",\"url\":\"https:\\\/\\\/www.pereira.es\\\/\",\"name\":\"Pereira Productos del Mar\",\"description\":\"\",\"potentialAction\":[{\"@type\":\"SearchAction\",\"target\":{\"@type\":\"EntryPoint\",\"urlTemplate\":\"https:\\\/\\\/www.pereira.es\\\/?s={search_term_string}\"},\"query-input\":{\"@type\":\"PropertyValueSpecification\",\"valueRequired\":true,\"valueName\":\"search_term_string\"}}],\"inLanguage\":\"it-IT\"}]}<\/script>\n<!-- \/ Yoast SEO plugin. -->","yoast_head_json":{"title":"Avviso legale - Pereira Productos del Mar","robots":{"index":"index","follow":"follow","max-snippet":"max-snippet:-1","max-image-preview":"max-image-preview:large","max-video-preview":"max-video-preview:-1"},"canonical":"https:\/\/www.pereira.es\/it\/avviso-legale\/","og_locale":"it_IT","og_type":"article","og_title":"Avviso legale - Pereira Productos del Mar","og_description":"AVISO LEGAL CONDICIONES GENERALES DE USO En cumplimiento de la Ley 34\/2002, de 11 de julio, de Servicios de la sociedad de la informaci\u00f3n y de comercio electr\u00f3nico (LSSI), el presente\u00a0aviso legal\u00a0establece las condiciones generales de uso que regulan el acceso y uso del sitio web, titularidad de PEREIRA S.A (en adelante PEREIRA). PEREIRA, S.A...","og_url":"https:\/\/www.pereira.es\/it\/avviso-legale\/","og_site_name":"Pereira Productos del Mar","twitter_card":"summary_large_image","twitter_misc":{"Tempo di lettura stimato":"10 minuti"},"schema":{"@context":"https:\/\/schema.org","@graph":[{"@type":"WebPage","@id":"https:\/\/www.pereira.es\/it\/avviso-legale\/","url":"https:\/\/www.pereira.es\/it\/avviso-legale\/","name":"Avviso legale - Pereira Productos del Mar","isPartOf":{"@id":"https:\/\/www.pereira.es\/#website"},"datePublished":"2021-07-09T10:33:16+00:00","breadcrumb":{"@id":"https:\/\/www.pereira.es\/it\/avviso-legale\/#breadcrumb"},"inLanguage":"it-IT","potentialAction":[{"@type":"ReadAction","target":["https:\/\/www.pereira.es\/it\/avviso-legale\/"]}]},{"@type":"BreadcrumbList","@id":"https:\/\/www.pereira.es\/it\/avviso-legale\/#breadcrumb","itemListElement":[{"@type":"ListItem","position":1,"name":"Portada","item":"https:\/\/www.pereira.es\/it\/"},{"@type":"ListItem","position":2,"name":"Avviso legale"}]},{"@type":"WebSite","@id":"https:\/\/www.pereira.es\/#website","url":"https:\/\/www.pereira.es\/","name":"Pereira Productos del Mar","description":"","potentialAction":[{"@type":"SearchAction","target":{"@type":"EntryPoint","urlTemplate":"https:\/\/www.pereira.es\/?s={search_term_string}"},"query-input":{"@type":"PropertyValueSpecification","valueRequired":true,"valueName":"search_term_string"}}],"inLanguage":"it-IT"}]}},"_links":{"self":[{"href":"https:\/\/www.pereira.es\/it\/wp-json\/wp\/v2\/pages\/1068","targetHints":{"allow":["GET"]}}],"collection":[{"href":"https:\/\/www.pereira.es\/it\/wp-json\/wp\/v2\/pages"}],"about":[{"href":"https:\/\/www.pereira.es\/it\/wp-json\/wp\/v2\/types\/page"}],"author":[{"embeddable":true,"href":"https:\/\/www.pereira.es\/it\/wp-json\/wp\/v2\/users\/1"}],"replies":[{"embeddable":true,"href":"https:\/\/www.pereira.es\/it\/wp-json\/wp\/v2\/comments?post=1068"}],"version-history":[{"count":0,"href":"https:\/\/www.pereira.es\/it\/wp-json\/wp\/v2\/pages\/1068\/revisions"}],"wp:attachment":[{"href":"https:\/\/www.pereira.es\/it\/wp-json\/wp\/v2\/media?parent=1068"}],"curies":[{"name":"wp","href":"https:\/\/api.w.org\/{rel}","templated":true}]}}