{"id":1334,"date":"2021-07-12T12:23:11","date_gmt":"2021-07-12T12:23:11","guid":{"rendered":"https:\/\/pre.pereira.es\/rdi\/"},"modified":"2021-07-22T08:47:01","modified_gmt":"2021-07-22T08:47:01","slug":"rdi","status":"publish","type":"page","link":"https:\/\/www.pereira.es\/it\/rdi\/","title":{"rendered":"R+D+i"},"content":{"rendered":"<section class=\"l-section wpb_row height_large with_overlay with_shape\"><div class=\"l-section-overlay\" style=\"background: rgba(51,122,183,0.15)\"><\/div><div class=\"l-section-shape type_wave pos_bottom\" style=\"color:var(--color-content-bg);height:3vh;\"><svg xmlns=\"http:\/\/www.w3.org\/2000\/svg\" viewBox=\"0 4 64 4\" preserveAspectRatio=\"none\" width=\"100%\" height=\"100%\">\r\n\t<path fill=\"currentColor\" d=\"M64 6 C32 0 32 12 0 6 L0 8 L64 8 Z\"\/>\r\n<\/svg><\/div><div class=\"l-section-h i-cf\"><div class=\"g-cols vc_row type_default valign_top\"><div class=\"vc_col-sm-12 wpb_column vc_column_container\"><div class=\"vc_column-inner\"><div class=\"wpb_wrapper\"><div class=\"wpb_text_column us_custom_a574d586 has_text_color\" ><div class=\"wpb_wrapper\"><h2 style=\"text-align: center;\">R + D + i progetti<\/h2>\n<\/div><\/div><div class=\"w-separator size_large\"><\/div><div class=\"g-cols wpb_row  type_default valign_top vc_inner\"><div class=\"vc_col-sm-6 wpb_column vc_column_container animate_afl\"><div class=\"vc_column-inner\"><div class=\"wpb_wrapper\"><div class=\"w-image align_center animate_afl\"><div class=\"w-image-h\"><img loading=\"lazy\" decoding=\"async\" width=\"1024\" height=\"655\" src=\"https:\/\/www.pereira.es\/wp-content\/uploads\/2021\/05\/argos-pereira-1024x655.jpg\" class=\"attachment-large size-large\" alt=\"\" srcset=\"https:\/\/www.pereira.es\/wp-content\/uploads\/2021\/05\/argos-pereira-1024x655.jpg 1024w, https:\/\/www.pereira.es\/wp-content\/uploads\/2021\/05\/argos-pereira-300x192.jpg 300w, https:\/\/www.pereira.es\/wp-content\/uploads\/2021\/05\/argos-pereira.jpg 1600w\" sizes=\"auto, (max-width: 1024px) 100vw, 1024px\" \/><\/div><\/div><\/div><\/div><\/div><div class=\"vc_col-sm-6 wpb_column vc_column_container\"><div class=\"vc_column-inner\"><div class=\"wpb_wrapper\"><div class=\"wpb_text_column\" ><div class=\"wpb_wrapper\"><p>Pereira Productos del Mar da oltre <strong>15 anni investe<\/strong> in progetti di <strong>R+S+i lungo<\/strong> tutta la filiera produttiva, dal mare alla tavola: Acquacoltura, Informatica, Robotica e visione artificiale, 5G nella logistica.<\/p>\n<p>Per pi\u00f9 di cinque anni ha partecipato a un progetto di acquacoltura di capesante con il <strong>Centro Ricerche Marine<\/strong> (CIMA) come partner.<\/p>\n<\/div><\/div><\/div><\/div><\/div><\/div><\/div><\/div><\/div><\/div><\/div><\/section><section class=\"l-section wpb_row height_medium\"><div class=\"l-section-h i-cf\"><div class=\"g-cols vc_row type_default valign_top\"><div class=\"vc_col-sm-12 wpb_column vc_column_container\"><div class=\"vc_column-inner\"><div class=\"wpb_wrapper\"><div class=\"wpb_text_column us_custom_a574d586 has_text_color\" ><div class=\"wpb_wrapper\"><h2 style=\"text-align: center;\">Progetti realizzati<\/h2>\n<\/div><\/div><div class=\"w-separator size_large\"><\/div><div class=\"w-grid type_grid layout_1007\" id=\"us_grid_1\" data-filterable=\"true\"><style id=\"us_grid_1_css\">#us_grid_1 .w-grid-item:not(:last-child){margin-bottom:1.5rem}#us_grid_1 .g-loadmore{margin-top:1.5rem}<\/style><style>.layout_1007 .w-grid-item-h{}.layout_1007 .usg_hwrapper_1{margin-bottom:50px!important}.layout_1007 .usg_post_image_1{width:40%!important;margin-left:0!important;margin-right:5%!important}.layout_1007 .usg_vwrapper_1{width:55%!important}.layout_1007 .usg_post_title_1{font-size:1.5rem!important}.layout_1007 .usg_post_custom_field_1{font-size:1.1rem!important}@media (max-width:599px){.layout_1007 .usg_post_image_1{width:100%!important;margin-bottom:5%!important;margin-right:0!important}.layout_1007 .usg_vwrapper_1{width:100%!important}}<\/style><div class=\"w-grid-list\" >\t<article class=\"w-grid-item size_1x1 post-1433 proyectos_de_i_d_i type-proyectos_de_i_d_i status-publish hentry\" data-id=\"1433\">\r\n\t\t<div class=\"w-grid-item-h\">\r\n\t\t\t\t\t\t<div class=\"w-hwrapper usg_hwrapper_1 align_left valign_top wrap\"><div class=\"w-post-elm post_image usg_post_image_1 has_width stretched with_placeholder\"><a href=\"https:\/\/www.pereira.es\/it\/proyectos_de_i_d_i\/automazione-dei-processi-di-produzione-del-pesce-attraverso-la-robotica-e-la-visione-artificiale\/\" aria-label=\"Automazione dei processi di produzione del pesce attraverso la robotica e la visione artificiale\"><img decoding=\"async\" class=\"g-placeholder\" src=\"https:\/\/www.pereira.es\/wp-content\/plugins\/us-core\/assets\/images\/placeholder.svg\" width=\"\" height=\"\" alt=\"\"><\/a><\/div><div class=\"w-vwrapper usg_vwrapper_1 align_left valign_top\"><h1 class=\"w-post-elm post_title usg_post_title_1 entry-title color_link_inherit\">Automazione dei processi di produzione del pesce attraverso la robotica e la visione artificiale<\/h1><div class=\"w-post-elm post_custom_field usg_post_custom_field_1 type_text\"><i class=\"far fa-calendar\"><\/i><\/div><a class=\"w-btn us-btn-style_1 usg_btn_1\" href=\"https:\/\/www.pereira.es\/it\/proyectos_de_i_d_i\/automazione-dei-processi-di-produzione-del-pesce-attraverso-la-robotica-e-la-visione-artificiale\/\"><span class=\"w-btn-label\">Ver proyecto<\/span><\/a><\/div><\/div>\t\t<\/div>\r\n\t<\/article>\r\n\t<article class=\"w-grid-item size_1x1 post-1430 proyectos_de_i_d_i type-proyectos_de_i_d_i status-publish hentry\" data-id=\"1430\">\r\n\t\t<div class=\"w-grid-item-h\">\r\n\t\t\t\t\t\t<div class=\"w-hwrapper usg_hwrapper_1 align_left valign_top wrap\"><div class=\"w-post-elm post_image usg_post_image_1 has_width stretched with_placeholder\"><a href=\"https:\/\/www.pereira.es\/it\/proyectos_de_i_d_i\/sistema-di-miglioramento-e-ottimizzazione-dei-processi-di-gestione-delle-informazioni\/\" aria-label=\"Sistema di miglioramento e ottimizzazione dei processi di gestione delle informazioni\"><img decoding=\"async\" class=\"g-placeholder\" src=\"https:\/\/www.pereira.es\/wp-content\/plugins\/us-core\/assets\/images\/placeholder.svg\" width=\"\" height=\"\" alt=\"\"><\/a><\/div><div class=\"w-vwrapper usg_vwrapper_1 align_left valign_top\"><h1 class=\"w-post-elm post_title usg_post_title_1 entry-title color_link_inherit\">Sistema di miglioramento e ottimizzazione dei processi di gestione delle informazioni<\/h1><div class=\"w-post-elm post_custom_field usg_post_custom_field_1 type_text\"><i class=\"far fa-calendar\"><\/i><\/div><a class=\"w-btn us-btn-style_1 usg_btn_1\" href=\"https:\/\/www.pereira.es\/it\/proyectos_de_i_d_i\/sistema-di-miglioramento-e-ottimizzazione-dei-processi-di-gestione-delle-informazioni\/\"><span class=\"w-btn-label\">Ver proyecto<\/span><\/a><\/div><\/div>\t\t<\/div>\r\n\t<\/article>\r\n\t<article class=\"w-grid-item size_1x1 post-1427 proyectos_de_i_d_i type-proyectos_de_i_d_i status-publish has-post-thumbnail hentry\" data-id=\"1427\">\r\n\t\t<div class=\"w-grid-item-h\">\r\n\t\t\t\t\t\t<div class=\"w-hwrapper usg_hwrapper_1 align_left valign_top wrap\"><div class=\"w-post-elm post_image usg_post_image_1 has_width stretched\"><a href=\"https:\/\/www.pereira.es\/it\/proyectos_de_i_d_i\/studio-dello-stock-di-popolazioni-di-capesante-pecten-maximus-linnaeus-1758-negli-estuari-della-galizia-e-studio-del-processo-di-disintossicazione-e-ingrasso-della-capesante-pecten-maximus-lin\/\" aria-label=\"Studio dello stock di popolazioni di capesante Pecten maximus (Linnaeus, 1758) negli estuari della Galizia &#8220;e&#8221; Studio del processo di disintossicazione e ingrasso della capesante Pecten maximus (Linnaeus, 1758) nella R\u00eda de Vigo\"><img loading=\"lazy\" decoding=\"async\" width=\"1280\" height=\"960\" src=\"https:\/\/www.pereira.es\/wp-content\/uploads\/2021\/07\/plataforma.jpg\" class=\"attachment-full size-full wp-post-image\" alt=\"\" srcset=\"https:\/\/www.pereira.es\/wp-content\/uploads\/2021\/07\/plataforma.jpg 1280w, https:\/\/www.pereira.es\/wp-content\/uploads\/2021\/07\/plataforma-300x225.jpg 300w, https:\/\/www.pereira.es\/wp-content\/uploads\/2021\/07\/plataforma-1024x768.jpg 1024w\" sizes=\"auto, (max-width: 1280px) 100vw, 1280px\" \/><\/a><\/div><div class=\"w-vwrapper usg_vwrapper_1 align_left valign_top\"><h1 class=\"w-post-elm post_title usg_post_title_1 entry-title color_link_inherit\">Studio dello stock di popolazioni di capesante Pecten maximus (Linnaeus, 1758) negli estuari della Galizia &#8220;e&#8221; Studio del processo di disintossicazione e ingrasso della capesante Pecten maximus (Linnaeus, 1758) nella R\u00eda de Vigo<\/h1><div class=\"w-post-elm post_custom_field usg_post_custom_field_1 type_text\"><i class=\"far fa-calendar\"><\/i><\/div><a class=\"w-btn us-btn-style_1 usg_btn_1\" href=\"https:\/\/www.pereira.es\/it\/proyectos_de_i_d_i\/studio-dello-stock-di-popolazioni-di-capesante-pecten-maximus-linnaeus-1758-negli-estuari-della-galizia-e-studio-del-processo-di-disintossicazione-e-ingrasso-della-capesante-pecten-maximus-lin\/\"><span class=\"w-btn-label\">Ver proyecto<\/span><\/a><\/div><\/div>\t\t<\/div>\r\n\t<\/article>\r\n\t<article class=\"w-grid-item size_1x1 post-1424 proyectos_de_i_d_i type-proyectos_de_i_d_i status-publish has-post-thumbnail hentry\" data-id=\"1424\">\r\n\t\t<div class=\"w-grid-item-h\">\r\n\t\t\t\t\t\t<div class=\"w-hwrapper usg_hwrapper_1 align_left valign_top wrap\"><div class=\"w-post-elm post_image usg_post_image_1 has_width stretched\"><a href=\"https:\/\/www.pereira.es\/it\/proyectos_de_i_d_i\/implementazione-del-5g-per-la-logistica-e-la-gestione-della-flotta\/\" aria-label=\"Implementazione del 5G per la logistica e la gestione della flotta\"><img loading=\"lazy\" decoding=\"async\" width=\"980\" height=\"450\" src=\"https:\/\/www.pereira.es\/wp-content\/uploads\/2021\/06\/caso.jpeg\" class=\"attachment-full size-full wp-post-image\" alt=\"\" srcset=\"https:\/\/www.pereira.es\/wp-content\/uploads\/2021\/06\/caso.jpeg 980w, https:\/\/www.pereira.es\/wp-content\/uploads\/2021\/06\/caso-300x138.jpeg 300w\" sizes=\"auto, (max-width: 980px) 100vw, 980px\" \/><\/a><\/div><div class=\"w-vwrapper usg_vwrapper_1 align_left valign_top\"><h1 class=\"w-post-elm post_title usg_post_title_1 entry-title color_link_inherit\">Implementazione del 5G per la logistica e la gestione della flotta<\/h1><div class=\"w-post-elm post_custom_field usg_post_custom_field_1 type_text\"><i class=\"far fa-calendar\"><\/i><\/div><div class=\"w-post-elm post_content usg_post_content_1\">Implementaci\u00f3n de 5G para la Log\u00edstica y Gesti\u00f3n de flotas Orange y Ericsson\u00a0desarrollar\u00e1n para el\u00a0Grupo Pereira\u00a0un sistema de gesti\u00f3n log\u00edstica que utilice comunicaciones 5G para veh\u00edculos de transporte alimentario que&hellip;<\/div><a class=\"w-btn us-btn-style_1 usg_btn_1\" href=\"https:\/\/www.pereira.es\/it\/proyectos_de_i_d_i\/implementazione-del-5g-per-la-logistica-e-la-gestione-della-flotta\/\"><span class=\"w-btn-label\">Ver proyecto<\/span><\/a><\/div><\/div>\t\t<\/div>\r\n\t<\/article>\r\n<\/div><div class=\"w-grid-preloader\"><div class=\"g-preloader type_1\">\r\n\t<div><\/div>\r\n<\/div>\r\n<\/div>\t<div class=\"w-grid-json hidden\" onclick='return {&quot;action&quot;:&quot;us_ajax_grid&quot;,&quot;ajax_url&quot;:&quot;https:\\\/\\\/www.pereira.es\\\/wp-admin\\\/admin-ajax.php&quot;,&quot;infinite_scroll&quot;:0,&quot;max_num_pages&quot;:1,&quot;pagination&quot;:&quot;none&quot;,&quot;permalink_url&quot;:&quot;https:\\\/\\\/www.pereira.es\\\/it\\\/wp-json\\\/wp\\\/v2\\\/pages\\\/1334\\\/&quot;,&quot;template_vars&quot;:{&quot;columns&quot;:&quot;1&quot;,&quot;exclude_items&quot;:&quot;none&quot;,&quot;img_size&quot;:&quot;default&quot;,&quot;ignore_items_size&quot;:false,&quot;items_layout&quot;:&quot;1007&quot;,&quot;items_offset&quot;:&quot;1&quot;,&quot;load_animation&quot;:&quot;none&quot;,&quot;overriding_link&quot;:&quot;none&quot;,&quot;post_id&quot;:1334,&quot;query_args&quot;:{&quot;post_type&quot;:[&quot;proyectos_de_i_d_i&quot;],&quot;post_status&quot;:[&quot;publish&quot;,&quot;acf-disabled&quot;],&quot;posts_per_page&quot;:&quot;10&quot;},&quot;orderby_query_args&quot;:{&quot;orderby&quot;:{&quot;date&quot;:&quot;DESC&quot;}},&quot;type&quot;:&quot;grid&quot;,&quot;us_grid_ajax_index&quot;:1,&quot;us_grid_filter_params&quot;:null,&quot;us_grid_index&quot;:1,&quot;_us_grid_post_type&quot;:&quot;proyectos_de_i_d_i&quot;,&quot;lang&quot;:&quot;it&quot;}}'><\/div>\r\n\t<\/div><\/div><\/div><\/div><\/div><\/div><\/section>\n","protected":false},"excerpt":{"rendered":"Implementaci\u00f3n de 5G para la Log\u00edstica y Gesti\u00f3n de flotas Orange y Ericsson\u00a0desarrollar\u00e1n para el\u00a0Grupo Pereira\u00a0un sistema de gesti\u00f3n log\u00edstica que utilice comunicaciones 5G para veh\u00edculos de transporte alimentario que garanticen los tiempos de entrega y las fechas de recogida con unos estrictos m\u00e1rgenes de tiempo y condiciones ambientales, asegurando que los productos mantienen su...","protected":false},"author":1,"featured_media":0,"parent":0,"menu_order":0,"comment_status":"closed","ping_status":"closed","template":"","meta":{"_acf_changed":false,"footnotes":""},"class_list":["post-1334","page","type-page","status-publish","hentry"],"acf":[],"yoast_head":"<!-- This site is optimized with the Yoast SEO plugin v27.4 - https:\/\/yoast.com\/product\/yoast-seo-wordpress\/ -->\n<title>R+D+i - Pereira Productos del Mar<\/title>\n<meta name=\"robots\" content=\"index, follow, max-snippet:-1, max-image-preview:large, max-video-preview:-1\" \/>\n<link rel=\"canonical\" href=\"https:\/\/www.pereira.es\/it\/rdi\/\" \/>\n<meta property=\"og:locale\" content=\"it_IT\" \/>\n<meta property=\"og:type\" content=\"article\" \/>\n<meta property=\"og:title\" content=\"R+D+i - Pereira Productos del Mar\" \/>\n<meta property=\"og:url\" content=\"https:\/\/www.pereira.es\/it\/rdi\/\" \/>\n<meta property=\"og:site_name\" content=\"Pereira Productos del Mar\" \/>\n<meta property=\"article:modified_time\" content=\"2021-07-22T08:47:01+00:00\" \/>\n<meta name=\"twitter:card\" content=\"summary_large_image\" \/>\n<meta name=\"twitter:label1\" content=\"Tempo di lettura stimato\" \/>\n\t<meta name=\"twitter:data1\" content=\"1 minuto\" \/>\n<script type=\"application\/ld+json\" class=\"yoast-schema-graph\">{\"@context\":\"https:\\\/\\\/schema.org\",\"@graph\":[{\"@type\":\"WebPage\",\"@id\":\"https:\\\/\\\/www.pereira.es\\\/it\\\/rdi\\\/\",\"url\":\"https:\\\/\\\/www.pereira.es\\\/it\\\/rdi\\\/\",\"name\":\"R+D+i - Pereira Productos del Mar\",\"isPartOf\":{\"@id\":\"https:\\\/\\\/www.pereira.es\\\/#website\"},\"datePublished\":\"2021-07-12T12:23:11+00:00\",\"dateModified\":\"2021-07-22T08:47:01+00:00\",\"breadcrumb\":{\"@id\":\"https:\\\/\\\/www.pereira.es\\\/it\\\/rdi\\\/#breadcrumb\"},\"inLanguage\":\"it-IT\",\"potentialAction\":[{\"@type\":\"ReadAction\",\"target\":[\"https:\\\/\\\/www.pereira.es\\\/it\\\/rdi\\\/\"]}]},{\"@type\":\"BreadcrumbList\",\"@id\":\"https:\\\/\\\/www.pereira.es\\\/it\\\/rdi\\\/#breadcrumb\",\"itemListElement\":[{\"@type\":\"ListItem\",\"position\":1,\"name\":\"Portada\",\"item\":\"https:\\\/\\\/www.pereira.es\\\/it\\\/\"},{\"@type\":\"ListItem\",\"position\":2,\"name\":\"R+D+i\"}]},{\"@type\":\"WebSite\",\"@id\":\"https:\\\/\\\/www.pereira.es\\\/#website\",\"url\":\"https:\\\/\\\/www.pereira.es\\\/\",\"name\":\"Pereira Productos del Mar\",\"description\":\"\",\"potentialAction\":[{\"@type\":\"SearchAction\",\"target\":{\"@type\":\"EntryPoint\",\"urlTemplate\":\"https:\\\/\\\/www.pereira.es\\\/?s={search_term_string}\"},\"query-input\":{\"@type\":\"PropertyValueSpecification\",\"valueRequired\":true,\"valueName\":\"search_term_string\"}}],\"inLanguage\":\"it-IT\"}]}<\/script>\n<!-- \/ Yoast SEO plugin. -->","yoast_head_json":{"title":"R+D+i - Pereira Productos del Mar","robots":{"index":"index","follow":"follow","max-snippet":"max-snippet:-1","max-image-preview":"max-image-preview:large","max-video-preview":"max-video-preview:-1"},"canonical":"https:\/\/www.pereira.es\/it\/rdi\/","og_locale":"it_IT","og_type":"article","og_title":"R+D+i - Pereira Productos del Mar","og_url":"https:\/\/www.pereira.es\/it\/rdi\/","og_site_name":"Pereira Productos del Mar","article_modified_time":"2021-07-22T08:47:01+00:00","twitter_card":"summary_large_image","twitter_misc":{"Tempo di lettura stimato":"1 minuto"},"schema":{"@context":"https:\/\/schema.org","@graph":[{"@type":"WebPage","@id":"https:\/\/www.pereira.es\/it\/rdi\/","url":"https:\/\/www.pereira.es\/it\/rdi\/","name":"R+D+i - Pereira Productos del Mar","isPartOf":{"@id":"https:\/\/www.pereira.es\/#website"},"datePublished":"2021-07-12T12:23:11+00:00","dateModified":"2021-07-22T08:47:01+00:00","breadcrumb":{"@id":"https:\/\/www.pereira.es\/it\/rdi\/#breadcrumb"},"inLanguage":"it-IT","potentialAction":[{"@type":"ReadAction","target":["https:\/\/www.pereira.es\/it\/rdi\/"]}]},{"@type":"BreadcrumbList","@id":"https:\/\/www.pereira.es\/it\/rdi\/#breadcrumb","itemListElement":[{"@type":"ListItem","position":1,"name":"Portada","item":"https:\/\/www.pereira.es\/it\/"},{"@type":"ListItem","position":2,"name":"R+D+i"}]},{"@type":"WebSite","@id":"https:\/\/www.pereira.es\/#website","url":"https:\/\/www.pereira.es\/","name":"Pereira Productos del Mar","description":"","potentialAction":[{"@type":"SearchAction","target":{"@type":"EntryPoint","urlTemplate":"https:\/\/www.pereira.es\/?s={search_term_string}"},"query-input":{"@type":"PropertyValueSpecification","valueRequired":true,"valueName":"search_term_string"}}],"inLanguage":"it-IT"}]}},"_links":{"self":[{"href":"https:\/\/www.pereira.es\/it\/wp-json\/wp\/v2\/pages\/1334","targetHints":{"allow":["GET"]}}],"collection":[{"href":"https:\/\/www.pereira.es\/it\/wp-json\/wp\/v2\/pages"}],"about":[{"href":"https:\/\/www.pereira.es\/it\/wp-json\/wp\/v2\/types\/page"}],"author":[{"embeddable":true,"href":"https:\/\/www.pereira.es\/it\/wp-json\/wp\/v2\/users\/1"}],"replies":[{"embeddable":true,"href":"https:\/\/www.pereira.es\/it\/wp-json\/wp\/v2\/comments?post=1334"}],"version-history":[{"count":3,"href":"https:\/\/www.pereira.es\/it\/wp-json\/wp\/v2\/pages\/1334\/revisions"}],"predecessor-version":[{"id":1436,"href":"https:\/\/www.pereira.es\/it\/wp-json\/wp\/v2\/pages\/1334\/revisions\/1436"}],"wp:attachment":[{"href":"https:\/\/www.pereira.es\/it\/wp-json\/wp\/v2\/media?parent=1334"}],"curies":[{"name":"wp","href":"https:\/\/api.w.org\/{rel}","templated":true}]}}